{"id":5,"date":"2013-03-08T02:40:58","date_gmt":"2013-03-08T02:40:58","guid":{"rendered":"http:\/\/putaendouno.cl\/?page_id=5"},"modified":"2014-06-10T02:41:49","modified_gmt":"2014-06-10T05:41:49","slug":"conocenos","status":"publish","type":"page","link":"http:\/\/putaendouno.cl\/?page_id=5","title":{"rendered":"CON\u00d3CENOS"},"content":{"rendered":"<div class=\"lazysocialbuttons\" data-float=\"left\" data-buttons=\"google,twitter,facebook\" data-twshareurl=\"http:\/\/putaendouno.cl\/?page_id=5\" data-twtext=\"\" data-shareurl=\"http:\/\/putaendouno.cl\/?page_id=5\" data-fbhideflyout=\"false\" data-backgroundtype=\"light\"><\/div><h2>Este es nuestro equipo de trabajo:<\/h2>\n<p>&nbsp;<\/p>\n<h1><a href=\"http:\/\/putaendouno.cl\/wp-content\/uploads\/2013\/03\/MAE.jpg\"><img loading=\"lazy\" decoding=\"async\" class=\"alignleft  wp-image-12882\" src=\"http:\/\/putaendouno.cl\/wp-content\/uploads\/2013\/03\/MAE-190x300.jpg\" alt=\"MAE\" width=\"73\" height=\"118\" \/><\/a><span style=\"color: #0000ff;\">Mario Alvarado Eva. Director\/<\/span><\/h1>\n<h2>Ingeniero Forestal, U. de Chile\/ Experto en Evaluaci\u00f3n de Proyectos, U. Cat\u00f3lica.<\/h2>\n<h2><\/h2>\n<p>&nbsp;<\/p>\n<p>&nbsp;<\/p>\n<p>&nbsp;<\/p>\n<h1><a href=\"http:\/\/putaendouno.cl\/wp-content\/uploads\/2013\/03\/Patricio-Araya.jpg\"><img loading=\"lazy\" decoding=\"async\" class=\"alignleft  wp-image-12883\" src=\"http:\/\/putaendouno.cl\/wp-content\/uploads\/2013\/03\/Patricio-Araya-190x300.jpg\" alt=\"Patricio-Araya\" width=\"75\" height=\"118\" srcset=\"http:\/\/putaendouno.cl\/wp-content\/uploads\/2013\/03\/Patricio-Araya-190x300.jpg 190w, http:\/\/putaendouno.cl\/wp-content\/uploads\/2013\/03\/Patricio-Araya.jpg 406w\" sizes=\"auto, (max-width: 75px) 100vw, 75px\" \/><\/a><span style=\"color: #0000ff;\">Patricio Araya Gonz\u00e1lez. Asesor Comunicacional y colaborador\/\u00a0<\/span><\/h1>\n<h2>Periodista y Licenciado en Comunicaci\u00f3n Social, USACH\/ Director Productor de Televisi\u00f3n; AIEP\/\u00a0Registro Colegio de Periodistas N\u00ba 5.123<\/h2>\n<p>&nbsp;<\/p>\n<h1><a href=\"http:\/\/putaendouno.cl\/wp-content\/uploads\/2013\/03\/Claudia-Alvarado-224x3002.jpg\"><img loading=\"lazy\" decoding=\"async\" class=\"alignleft  wp-image-12885\" src=\"http:\/\/putaendouno.cl\/wp-content\/uploads\/2013\/03\/Claudia-Alvarado-224x3002.jpg\" alt=\"Claudia-Alvarado-224x300\" width=\"79\" height=\"106\" \/><\/a><span style=\"color: #0000ff;\">Claudia Alvarado Gonz\u00e1lez. Columnista y colaborador\/ <\/span><\/h1>\n<h2>Periodista y Licenciada en Comunicaci\u00f3n Social, UNIACC<\/h2>\n<p>&nbsp;<\/p>\n<p>&nbsp;<\/p>\n<p><a href=\"http:\/\/putaendouno.cl\/wp-content\/uploads\/2013\/03\/LogoP1orig640x108.jpg\"><img loading=\"lazy\" decoding=\"async\" class=\"aligncenter  wp-image-12886\" src=\"http:\/\/putaendouno.cl\/wp-content\/uploads\/2013\/03\/LogoP1orig640x108.jpg\" alt=\"LogoP1orig640x108\" width=\"278\" height=\"47\" srcset=\"http:\/\/putaendouno.cl\/wp-content\/uploads\/2013\/03\/LogoP1orig640x108.jpg 640w, http:\/\/putaendouno.cl\/wp-content\/uploads\/2013\/03\/LogoP1orig640x108-300x50.jpg 300w\" sizes=\"auto, (max-width: 278px) 100vw, 278px\" \/><\/a><\/p>\n","protected":false},"excerpt":{"rendered":"<p>Este es nuestro equipo de trabajo: &nbsp; Mario Alvarado Eva. Director\/ Ingeniero Forestal, U. de Chile\/ Experto en Evaluaci\u00f3n de Proyectos, U. Cat\u00f3lica. &nbsp; &nbsp; &nbsp; Patricio Araya Gonz\u00e1lez. Asesor Comunicacional y colaborador\/\u00a0 Periodista y Licenciado en Comunicaci\u00f3n Social, USACH\/ Director Productor de Televisi\u00f3n; AIEP\/\u00a0Registro Colegio de Periodistas N\u00ba 5.123 &nbsp; Claudia Alvarado Gonz\u00e1lez. Columnista [&hellip;]<\/p>\n","protected":false},"author":1,"featured_media":12886,"parent":0,"menu_order":1,"comment_status":"open","ping_status":"open","template":"","meta":{"footnotes":""},"class_list":["post-5","page","type-page","status-publish","has-post-thumbnail","hentry"],"jetpack_sharing_enabled":true,"_links":{"self":[{"href":"http:\/\/putaendouno.cl\/index.php?rest_route=\/wp\/v2\/pages\/5","targetHints":{"allow":["GET"]}}],"collection":[{"href":"http:\/\/putaendouno.cl\/index.php?rest_route=\/wp\/v2\/pages"}],"about":[{"href":"http:\/\/putaendouno.cl\/index.php?rest_route=\/wp\/v2\/types\/page"}],"author":[{"embeddable":true,"href":"http:\/\/putaendouno.cl\/index.php?rest_route=\/wp\/v2\/users\/1"}],"replies":[{"embeddable":true,"href":"http:\/\/putaendouno.cl\/index.php?rest_route=%2Fwp%2Fv2%2Fcomments&post=5"}],"version-history":[{"count":6,"href":"http:\/\/putaendouno.cl\/index.php?rest_route=\/wp\/v2\/pages\/5\/revisions"}],"predecessor-version":[{"id":12891,"href":"http:\/\/putaendouno.cl\/index.php?rest_route=\/wp\/v2\/pages\/5\/revisions\/12891"}],"wp:featuredmedia":[{"embeddable":true,"href":"http:\/\/putaendouno.cl\/index.php?rest_route=\/wp\/v2\/media\/12886"}],"wp:attachment":[{"href":"http:\/\/putaendouno.cl\/index.php?rest_route=%2Fwp%2Fv2%2Fmedia&parent=5"}],"curies":[{"name":"wp","href":"https:\/\/api.w.org\/{rel}","templated":true}]}}